{"id":2,"date":"2024-01-29T11:01:40","date_gmt":"2024-01-29T11:01:40","guid":{"rendered":"https:\/\/tiimilinna.fi\/?page_id=2"},"modified":"2025-07-29T11:50:46","modified_gmt":"2025-07-29T11:50:46","slug":"yhteystiedot","status":"publish","type":"page","link":"https:\/\/tiimilinna.fi\/?page_id=2","title":{"rendered":"Yhteystiedot"},"content":{"rendered":"<p>[et_pb_section fb_built=&#8221;1&#8243; _builder_version=&#8221;4.27.4&#8243; _module_preset=&#8221;default&#8221; background_image=&#8221;https:\/\/tiimilinna.fi\/wp-content\/uploads\/2024\/02\/DALL\u00b7E-2024-02-13-18.04.08-Create-an-underwater-scene-where-a-mermaid-with-dark-hair-and-a-blue-toned-tail-is-actively-swimming-among-colorful-fish-and-less-coral-inspired-by-t.webp&#8221; height=&#8221;600px&#8221; custom_margin=&#8221;0px||-12px||false|false&#8221; custom_padding=&#8221;0px||0px||false|false&#8221; global_colors_info=&#8221;{}&#8221;][et_pb_row _builder_version=&#8221;4.27.4&#8243; _module_preset=&#8221;default&#8221; custom_margin=&#8221;-22px||||false|false&#8221; custom_padding=&#8221;108px||0px||false|false&#8221; global_colors_info=&#8221;{}&#8221;][et_pb_column type=&#8221;4_4&#8243; _builder_version=&#8221;4.24.0&#8243; _module_preset=&#8221;default&#8221; global_colors_info=&#8221;{}&#8221;][et_pb_text _builder_version=&#8221;4.27.4&#8243; _module_preset=&#8221;default&#8221; header_font=&#8221;|||on|||||&#8221; header_text_color=&#8221;#FFFFFF&#8221; header_font_size=&#8221;100px&#8221; header_text_color_tablet=&#8221;#FFFFFF&#8221; header_text_color_phone=&#8221;#E09900&#8243; header_text_color_last_edited=&#8221;on|phone&#8221; header_font_size_tablet=&#8221;100px&#8221; header_font_size_phone=&#8221;36px&#8221; header_font_size_last_edited=&#8221;on|phone&#8221; header_text_shadow_style=&#8221;preset1&#8243; border_style_all=&#8221;none&#8221; border_width_top=&#8221;5px&#8221; border_width_bottom=&#8221;5px&#8221; global_colors_info=&#8221;{}&#8221; header_text_color__hover_enabled=&#8221;on|desktop&#8221; header_text_color__hover=&#8221;#E09900&#8243;]<\/p>\n<h1 style=\"text-align: center;\">luo uutta<\/h1>\n<p>[\/et_pb_text][\/et_pb_column][\/et_pb_row][\/et_pb_section][et_pb_section fb_built=&#8221;1&#8243; _builder_version=&#8221;4.24.0&#8243; _module_preset=&#8221;default&#8221; global_colors_info=&#8221;{}&#8221;][et_pb_row column_structure=&#8221;1_2,1_2&#8243; _builder_version=&#8221;4.27.4&#8243; _module_preset=&#8221;default&#8221; width=&#8221;91%&#8221; global_colors_info=&#8221;{}&#8221;][et_pb_column type=&#8221;1_2&#8243; _builder_version=&#8221;4.24.0&#8243; _module_preset=&#8221;default&#8221; global_colors_info=&#8221;{}&#8221;][et_pb_team_member name=&#8221;Satu Linna&#8221; position=&#8221;Tiimi Linnan yritt\u00e4j\u00e4\/p\u00e4\u00e4llikk\u00f6&#8221; image_url=&#8221;https:\/\/tiimilinna.fi\/wp-content\/uploads\/2025\/07\/Satu-Linna.jpg&#8221; linkedin_url=&#8221;www.linkedin.com\/in\/satu-b-linna&#8221; _builder_version=&#8221;4.27.4&#8243; _module_preset=&#8221;default&#8221; hover_enabled=&#8221;0&#8243; border_radii_image=&#8221;off||||&#8221; global_colors_info=&#8221;{}&#8221; sticky_enabled=&#8221;0&#8243;]<\/p>\n<p class=\"p1\">Markkinoinnin ja mainonnan suunnittelija, koordinaattori, digimarkkinoija ja my\u00f6s perinteisten printtimedioiden osaaja ja suunnittelija mm. videoeditointi, esitteet, verkkosivut, somemarkkinointi. Paljon kokemusta valtakunnallisesta markkinoinnistaja strategioiden toteutuksesta k\u00e4yt\u00e4nn\u00f6ss\u00e4.<\/p>\n<p class=\"p1\">puh. 044 5852 582<\/p>\n<p class=\"p1\">sposti satu.linna66@gmail.com<\/p>\n<p>[\/et_pb_team_member][\/et_pb_column][et_pb_column type=&#8221;1_2&#8243; _builder_version=&#8221;4.24.0&#8243; _module_preset=&#8221;default&#8221; global_colors_info=&#8221;{}&#8221;][et_pb_image src=&#8221;https:\/\/tiimilinna.fi\/wp-content\/uploads\/2024\/03\/somemarkkinointi.jpg&#8221; title_text=&#8221;somemarkkinointi&#8221; _builder_version=&#8221;4.24.1&#8243; _module_preset=&#8221;default&#8221; global_colors_info=&#8221;{}&#8221;][\/et_pb_image][\/et_pb_column][\/et_pb_row][\/et_pb_section]<\/p>\n","protected":false},"excerpt":{"rendered":"<p>luo uuttaMarkkinoinnin ja mainonnan suunnittelija, koordinaattori, digimarkkinoija ja my\u00f6s perinteisten printtimedioiden osaaja ja suunnittelija mm. videoeditointi, esitteet, verkkosivut, somemarkkinointi. Paljon kokemusta valtakunnallisesta markkinoinnistaja strategioiden toteutuksesta k\u00e4yt\u00e4nn\u00f6ss\u00e4. puh. 044 5852 582 sposti satu.linna66@gmail.com<\/p>\n","protected":false},"author":1,"featured_media":0,"parent":0,"menu_order":0,"comment_status":"closed","ping_status":"closed","template":"","meta":{"_et_pb_use_builder":"on","_et_pb_old_content":"<!-- wp:paragraph -->\n<p>This is an example page. It's different from a blog post because it will stay in one place and will show up in your site navigation (in most themes). Most people start with an About page that introduces them to potential site visitors. It might say something like this:<\/p>\n<!-- \/wp:paragraph -->\n\n<!-- wp:quote -->\n<blockquote class=\"wp-block-quote\"><p>Hi there! I'm a bike messenger by day, aspiring actor by night, and this is my website. I live in Los Angeles, have a great dog named Jack, and I like pi&#241;a coladas. (And gettin' caught in the rain.)<\/p><\/blockquote>\n<!-- \/wp:quote -->\n\n<!-- wp:paragraph -->\n<p>...or something like this:<\/p>\n<!-- \/wp:paragraph -->\n\n<!-- wp:quote -->\n<blockquote class=\"wp-block-quote\"><p>The XYZ Doohickey Company was founded in 1971, and has been providing quality doohickeys to the public ever since. Located in Gotham City, XYZ employs over 2,000 people and does all kinds of awesome things for the Gotham community.<\/p><\/blockquote>\n<!-- \/wp:quote -->\n\n<!-- wp:paragraph -->\n<p>As a new WordPress user, you should go to <a href=\"https:\/\/tiimilinna.fi\/wp-admin\/\">your dashboard<\/a> to delete this page and create new pages for your content. Have fun!<\/p>\n<!-- \/wp:paragraph -->","_et_gb_content_width":"","footnotes":""},"class_list":["post-2","page","type-page","status-publish","hentry"],"_links":{"self":[{"href":"https:\/\/tiimilinna.fi\/index.php?rest_route=\/wp\/v2\/pages\/2","targetHints":{"allow":["GET"]}}],"collection":[{"href":"https:\/\/tiimilinna.fi\/index.php?rest_route=\/wp\/v2\/pages"}],"about":[{"href":"https:\/\/tiimilinna.fi\/index.php?rest_route=\/wp\/v2\/types\/page"}],"author":[{"embeddable":true,"href":"https:\/\/tiimilinna.fi\/index.php?rest_route=\/wp\/v2\/users\/1"}],"replies":[{"embeddable":true,"href":"https:\/\/tiimilinna.fi\/index.php?rest_route=%2Fwp%2Fv2%2Fcomments&post=2"}],"version-history":[{"count":10,"href":"https:\/\/tiimilinna.fi\/index.php?rest_route=\/wp\/v2\/pages\/2\/revisions"}],"predecessor-version":[{"id":361,"href":"https:\/\/tiimilinna.fi\/index.php?rest_route=\/wp\/v2\/pages\/2\/revisions\/361"}],"wp:attachment":[{"href":"https:\/\/tiimilinna.fi\/index.php?rest_route=%2Fwp%2Fv2%2Fmedia&parent=2"}],"curies":[{"name":"wp","href":"https:\/\/api.w.org\/{rel}","templated":true}]}}