{"id":37,"date":"2024-02-21T13:22:05","date_gmt":"2024-02-21T13:22:05","guid":{"rendered":"https:\/\/tiimilinna.fi\/?page_id=37"},"modified":"2025-06-30T08:08:35","modified_gmt":"2025-06-30T08:08:35","slug":"mediaplaneetat","status":"publish","type":"page","link":"https:\/\/tiimilinna.fi\/?page_id=37","title":{"rendered":"Mediaplaneetat"},"content":{"rendered":"<p>[et_pb_section fb_built=&#8221;1&#8243; _builder_version=&#8221;4.24.0&#8243; _module_preset=&#8221;default&#8221; background_image=&#8221;https:\/\/tiimilinna.fi\/wp-content\/uploads\/2024\/02\/IMG_8341-scaled.jpg&#8221; height=&#8221;600px&#8221; custom_margin=&#8221;0px||-12px||false|false&#8221; custom_padding=&#8221;0px||0px||false|false&#8221; global_colors_info=&#8221;{}&#8221;][et_pb_row _builder_version=&#8221;4.24.0&#8243; _module_preset=&#8221;default&#8221; custom_margin=&#8221;-22px||||false|false&#8221; custom_padding=&#8221;108px||0px||false|false&#8221; global_colors_info=&#8221;{}&#8221;][et_pb_column type=&#8221;4_4&#8243; _builder_version=&#8221;4.24.0&#8243; _module_preset=&#8221;default&#8221; global_colors_info=&#8221;{}&#8221;][et_pb_text _builder_version=&#8221;4.24.1&#8243; _module_preset=&#8221;default&#8221; header_font=&#8221;|||on|||||&#8221; header_text_color=&#8221;#FFFFFF&#8221; header_font_size=&#8221;100px&#8221; header_text_color_tablet=&#8221;#FFFFFF&#8221; header_text_color_phone=&#8221;#E09900&#8243; header_text_color_last_edited=&#8221;on|phone&#8221; header_font_size_tablet=&#8221;100px&#8221; header_font_size_phone=&#8221;36px&#8221; header_font_size_last_edited=&#8221;on|phone&#8221; header_text_shadow_style=&#8221;preset1&#8243; border_style_all=&#8221;none&#8221; border_width_top=&#8221;5px&#8221; border_width_bottom=&#8221;5px&#8221; global_colors_info=&#8221;{}&#8221; header_text_color__hover_enabled=&#8221;on|desktop&#8221; header_text_color__hover=&#8221;#E09900&#8243;]<\/p>\n<h1 style=\"text-align: center;\">mediaplaneetat<\/h1>\n<p>[\/et_pb_text][\/et_pb_column][\/et_pb_row][\/et_pb_section][et_pb_section fb_built=&#8221;1&#8243; _builder_version=&#8221;4.24.0&#8243; _module_preset=&#8221;default&#8221; global_colors_info=&#8221;{}&#8221;][et_pb_row column_structure=&#8221;1_2,1_2&#8243; _builder_version=&#8221;4.24.1&#8243; _module_preset=&#8221;default&#8221; custom_padding=&#8221;80px|||||&#8221; global_colors_info=&#8221;{}&#8221;][et_pb_column type=&#8221;1_2&#8243; _builder_version=&#8221;4.24.0&#8243; _module_preset=&#8221;default&#8221; global_colors_info=&#8221;{}&#8221;][et_pb_text _builder_version=&#8221;4.24.1&#8243; _module_preset=&#8221;default&#8221; custom_padding=&#8221;||8px|||&#8221; global_colors_info=&#8221;{}&#8221;]<\/p>\n<p>Suunnittelemamme kotisivut<span style=\"font-weight: 400;\">\u00a0ovat modernit ja responsiiviset, tarjoten k\u00e4ytt\u00e4jille saumattoman kokemuksen ja selke\u00e4n viestin br\u00e4ndist\u00e4mme. Panostamme visuaaliseen ilmeeseen ja sis\u00e4ll\u00f6n laatuun varmistaaksemme, ett\u00e4 jokainen vierailija l\u00f6yt\u00e4\u00e4 etsim\u00e4ns\u00e4 tiedon helposti ja miellytt\u00e4v\u00e4sti.<\/span><\/p>\n<p><span style=\"font-weight: 400;\">Olemme ylpeit\u00e4 siit\u00e4, ett\u00e4 voimme tarjota kokonaisvaltaisia ratkaisuja digitaalisen markkinoinnin ja sis\u00e4ll\u00f6ntuotannon tarpeisiin. Yhdist\u00e4mme luovuuden, analytiikan ja teknologian voimavarat luodaksemme strategioita, jotka tuottavat mitattavia tuloksia ja viev\u00e4t asiakkaidemme br\u00e4ndin uusiin ulottuvuuksiin. Valitse meid\u00e4t kumppaniksesi matkalla kohti menestyst\u00e4 digitaalisessa maailmassa!<\/span><\/p>\n<p><span style=\"font-size: large;\"><strong><\/strong><\/span><\/p>\n<p><span style=\"font-size: large;\"><strong><\/strong><\/span><\/p>\n<div>\n<p><span style=\"font-size: large;\"><strong><\/strong><\/span><\/p>\n<div>\n<p><span style=\"color: #4a991a; font-size: large;\"><strong>Tekniset taidot:<\/strong><\/span><\/p>\n<p><span style=\"color: #143f0a;\">Adobe Creative Cloud \u2013ohjelmat<\/span><br \/><span style=\"color: #143f0a;\">Kotisivut: wordpress, google ads ja -analytics<br \/><\/span><span style=\"color: #143f0a;\">Teko\u00e4lysovellukset mm. chat gpt, dall-e<br \/><\/span>Videoeditointi mm. capcut<br \/><span style=\"color: #143f0a;\">Graafinen suunnittelu canva, affinity<\/span><br \/><span style=\"color: #143f0a;\">Microsoft Office -ohjelmat<\/span><br \/><span style=\"color: #143f0a;\">Sosiaaliset mediat, Facebook, X (ent. Twitter), Instagram, LinkedIn<\/span><\/p>\n<p><span style=\"font-size: large;\"><strong><span style=\"color: #143f0a;\"><\/span><\/strong><\/span><\/p>\n<p><span style=\"font-size: large;\"><strong><span style=\"color: #143f0a;\"><\/span><span style=\"color: #4f6811;\">Palvelupaletti:<\/span><\/strong><\/span><\/p>\n<div>\n<p><span style=\"font-size: 14px;\">Markkinointivideot somekanaviin ja kotisivuille<br \/><\/span><span style=\"font-size: 14px;\">Sosiaaliset mediat: suunnittelu kampanjat, seuranta<br \/>Digitaalinen markkinointi (google ads ja -analytics)<br \/><\/span><span style=\"font-size: 14px;\">Virtuaalitapahtumat, striimaus<br \/><\/span><span style=\"font-size: 14px;\">Printtimateriaalien suunnittelu<\/span><\/p>\n<\/div>\n<p><span style=\"color: #143f0a;\"><\/span><\/p>\n<p><span style=\"color: #143f0a;\"><\/span><\/p>\n<\/div>\n<\/div>\n<p>[\/et_pb_text][\/et_pb_column][et_pb_column type=&#8221;1_2&#8243; _builder_version=&#8221;4.24.0&#8243; _module_preset=&#8221;default&#8221; global_colors_info=&#8221;{}&#8221;][et_pb_image src=&#8221;https:\/\/tiimilinna.fi\/wp-content\/uploads\/2025\/06\/IMG_1083-scaled.jpeg&#8221; title_text=&#8221;IMG_1083&#8243; _builder_version=&#8221;4.27.4&#8243; _module_preset=&#8221;default&#8221; hover_enabled=&#8221;0&#8243; global_colors_info=&#8221;{}&#8221; sticky_enabled=&#8221;0&#8243;][\/et_pb_image][\/et_pb_column][\/et_pb_row][et_pb_row column_structure=&#8221;1_4,1_4,1_4,1_4&#8243; _builder_version=&#8221;4.24.0&#8243; _module_preset=&#8221;default&#8221; global_colors_info=&#8221;{}&#8221;][et_pb_column type=&#8221;1_4&#8243; _builder_version=&#8221;4.24.0&#8243; _module_preset=&#8221;default&#8221; global_colors_info=&#8221;{}&#8221;][et_pb_blurb title=&#8221;Sis\u00e4ll\u00f6ntuotanto&#8221; image=&#8221;https:\/\/tiimilinna.fi\/wp-content\/uploads\/2024\/02\/IMG_7953-scaled.jpg&#8221; _builder_version=&#8221;4.24.0&#8243; _module_preset=&#8221;default&#8221; global_colors_info=&#8221;{}&#8221;]<\/p>\n<p>Sosiaalisen median kanaviin<\/p>\n<p>Uutiskirjeet<\/p>\n<p>Natiiviartikkelit<\/p>\n<p>&nbsp;<\/p>\n<p>[\/et_pb_blurb][\/et_pb_column][et_pb_column type=&#8221;1_4&#8243; _builder_version=&#8221;4.24.0&#8243; _module_preset=&#8221;default&#8221; global_colors_info=&#8221;{}&#8221;][et_pb_blurb title=&#8221;Kotisivut&#8221; image=&#8221;https:\/\/tiimilinna.fi\/wp-content\/uploads\/2024\/02\/IMG_7425-scaled.jpg&#8221; _builder_version=&#8221;4.24.1&#8243; _module_preset=&#8221;default&#8221; global_colors_info=&#8221;{}&#8221;]<\/p>\n<p>WordPress- sivut: suunnnittelu ja p\u00e4ivitys<\/p>\n<p>Kampanjat, seuranta (google ads ja analytics)<\/p>\n<p>Videot, valokuvat<\/p>\n<p>&nbsp;<\/p>\n<p>[\/et_pb_blurb][\/et_pb_column][et_pb_column type=&#8221;1_4&#8243; _builder_version=&#8221;4.24.0&#8243; _module_preset=&#8221;default&#8221; global_colors_info=&#8221;{}&#8221;][et_pb_blurb title=&#8221;Printtimediat&#8221; image=&#8221;https:\/\/tiimilinna.fi\/wp-content\/uploads\/2024\/02\/IMG_4541-scaled.jpg&#8221; _builder_version=&#8221;4.24.1&#8243; _module_preset=&#8221;default&#8221; custom_padding=&#8221;||18px|||&#8221; global_colors_info=&#8221;{}&#8221;]<\/p>\n<p>Materiaalien suunnittelu: esitteet, lehti-ilmoitukset, ulkomainonta<\/p>\n<p>[\/et_pb_blurb][\/et_pb_column][et_pb_column type=&#8221;1_4&#8243; _builder_version=&#8221;4.24.0&#8243; _module_preset=&#8221;default&#8221; global_colors_info=&#8221;{}&#8221;][et_pb_blurb title=&#8221;Yritysvideot&#8221; image=&#8221;https:\/\/tiimilinna.fi\/wp-content\/uploads\/2024\/02\/IMG_8900-scaled.jpg&#8221; _builder_version=&#8221;4.24.1&#8243; _module_preset=&#8221;default&#8221; global_colors_info=&#8221;{}&#8221;]<\/p>\n<p>Youtube, kotisivut, somekanavat<\/p>\n<p><\/p>\n<p>[\/et_pb_blurb][\/et_pb_column][\/et_pb_row][\/et_pb_section]<\/p>\n","protected":false},"excerpt":{"rendered":"<p>mediaplaneetatSuunnittelemamme kotisivut\u00a0ovat modernit ja responsiiviset, tarjoten k\u00e4ytt\u00e4jille saumattoman kokemuksen ja selke\u00e4n viestin br\u00e4ndist\u00e4mme. Panostamme visuaaliseen ilmeeseen ja sis\u00e4ll\u00f6n laatuun varmistaaksemme, ett\u00e4 jokainen vierailija l\u00f6yt\u00e4\u00e4 etsim\u00e4ns\u00e4 tiedon helposti ja miellytt\u00e4v\u00e4sti. Olemme ylpeit\u00e4 siit\u00e4, ett\u00e4 voimme tarjota kokonaisvaltaisia ratkaisuja digitaalisen markkinoinnin ja sis\u00e4ll\u00f6ntuotannon tarpeisiin. Yhdist\u00e4mme luovuuden, analytiikan ja teknologian voimavarat luodaksemme strategioita, jotka tuottavat mitattavia tuloksia ja [&hellip;]<\/p>\n","protected":false},"author":2,"featured_media":0,"parent":0,"menu_order":0,"comment_status":"closed","ping_status":"closed","template":"","meta":{"_et_pb_use_builder":"on","_et_pb_old_content":"","_et_gb_content_width":"","footnotes":""},"class_list":["post-37","page","type-page","status-publish","hentry"],"_links":{"self":[{"href":"https:\/\/tiimilinna.fi\/index.php?rest_route=\/wp\/v2\/pages\/37","targetHints":{"allow":["GET"]}}],"collection":[{"href":"https:\/\/tiimilinna.fi\/index.php?rest_route=\/wp\/v2\/pages"}],"about":[{"href":"https:\/\/tiimilinna.fi\/index.php?rest_route=\/wp\/v2\/types\/page"}],"author":[{"embeddable":true,"href":"https:\/\/tiimilinna.fi\/index.php?rest_route=\/wp\/v2\/users\/2"}],"replies":[{"embeddable":true,"href":"https:\/\/tiimilinna.fi\/index.php?rest_route=%2Fwp%2Fv2%2Fcomments&post=37"}],"version-history":[{"count":21,"href":"https:\/\/tiimilinna.fi\/index.php?rest_route=\/wp\/v2\/pages\/37\/revisions"}],"predecessor-version":[{"id":326,"href":"https:\/\/tiimilinna.fi\/index.php?rest_route=\/wp\/v2\/pages\/37\/revisions\/326"}],"wp:attachment":[{"href":"https:\/\/tiimilinna.fi\/index.php?rest_route=%2Fwp%2Fv2%2Fmedia&parent=37"}],"curies":[{"name":"wp","href":"https:\/\/api.w.org\/{rel}","templated":true}]}}