{"id":75,"date":"2024-03-12T14:10:21","date_gmt":"2024-03-12T14:10:21","guid":{"rendered":"https:\/\/tiimilinna.fi\/?page_id=75"},"modified":"2025-06-30T08:16:19","modified_gmt":"2025-06-30T08:16:19","slug":"djcasper","status":"publish","type":"page","link":"https:\/\/tiimilinna.fi\/?page_id=75","title":{"rendered":"DJCasper"},"content":{"rendered":"<p>[et_pb_section fb_built=&#8221;1&#8243; _builder_version=&#8221;4.24.1&#8243; _module_preset=&#8221;default&#8221; background_image=&#8221;https:\/\/tiimilinna.fi\/wp-content\/uploads\/2024\/02\/DALL\u00b7E-2024-02-22-14.59.36-Create-an-image-inspired-by-the-concept-of-being-Thunderstruck.-The-scene-should-visually-represent-the-sudden-and-powerful-impact-of-a-thunderbolt.webp&#8221; height=&#8221;600px&#8221; custom_margin=&#8221;0px||-12px||false|false&#8221; custom_padding=&#8221;0px||0px||false|false&#8221; global_colors_info=&#8221;{}&#8221;][et_pb_row _builder_version=&#8221;4.24.0&#8243; _module_preset=&#8221;default&#8221; custom_margin=&#8221;-22px||||false|false&#8221; custom_padding=&#8221;108px||0px||false|false&#8221; global_colors_info=&#8221;{}&#8221;][et_pb_column type=&#8221;4_4&#8243; _builder_version=&#8221;4.24.0&#8243; _module_preset=&#8221;default&#8221; global_colors_info=&#8221;{}&#8221;][et_pb_text _builder_version=&#8221;4.24.1&#8243; _module_preset=&#8221;default&#8221; header_font=&#8221;|||on|||||&#8221; header_text_color=&#8221;#FFFFFF&#8221; header_font_size=&#8221;100px&#8221; header_text_color_tablet=&#8221;#FFFFFF&#8221; header_text_color_phone=&#8221;#E09900&#8243; header_text_color_last_edited=&#8221;on|phone&#8221; header_font_size_tablet=&#8221;100px&#8221; header_font_size_phone=&#8221;36px&#8221; header_font_size_last_edited=&#8221;on|phone&#8221; header_text_shadow_style=&#8221;preset1&#8243; border_style_all=&#8221;none&#8221; border_width_top=&#8221;5px&#8221; border_width_bottom=&#8221;5px&#8221; global_colors_info=&#8221;{}&#8221; header_text_color__hover_enabled=&#8221;on|desktop&#8221; header_text_color__hover=&#8221;#E09900&#8243;]<\/p>\n<h1 style=\"text-align: center;\">dJcasper\u00a0<\/h1>\n<p>[\/et_pb_text][\/et_pb_column][\/et_pb_row][\/et_pb_section][et_pb_section fb_built=&#8221;1&#8243; _builder_version=&#8221;4.24.0&#8243; _module_preset=&#8221;default&#8221; global_colors_info=&#8221;{}&#8221;][et_pb_row column_structure=&#8221;1_2,1_2&#8243; _builder_version=&#8221;4.24.0&#8243; _module_preset=&#8221;default&#8221; custom_padding=&#8221;|||4px||&#8221; global_colors_info=&#8221;{}&#8221;][et_pb_column type=&#8221;1_2&#8243; _builder_version=&#8221;4.24.0&#8243; _module_preset=&#8221;default&#8221; global_colors_info=&#8221;{}&#8221;][et_pb_text _builder_version=&#8221;4.24.0&#8243; _module_preset=&#8221;default&#8221; custom_padding=&#8221;||0px|||&#8221; global_colors_info=&#8221;{}&#8221;]<\/p>\n<p><span style=\"font-weight: 400;\">Tervetuloa r\u00e4j\u00e4ht\u00e4v\u00e4\u00e4n musiikin maailmaan! Olet saapunut paikkaan, jossa vahvistukset v\u00e4r\u00e4htelev\u00e4t ja riffit repiv\u00e4t. Olemme ylpeit\u00e4 esitell\u00e4 sinulle kuumimmat keikat, kovimmat levylanssaukset ja kiehtovimmat musiikkiuutiset raskaan musiikin yst\u00e4ville.<\/span>\u00a0<span style=\"font-weight: 400;\"><\/span><\/p>\n<p><span style=\"font-weight: 400;\"><\/span><\/p>\n<p><span style=\"font-weight: 400;\">Astuessasi sis\u00e4\u00e4n t\u00e4h\u00e4n \u00e4\u00e4nimyrskyyn, valmistaudu kohtaamaan legendaariset esiintyj\u00e4t, jotka ravistelevat lavan jokaisella nuotillaan. T\u00e4\u00e4ll\u00e4 annamme tilaa vain kaikkein kovimmille ja intohimoisimmille muusikoille. <\/span><span style=\"font-weight: 400;\"><\/span><\/p>\n<p><span style=\"font-weight: 400;\"><\/span><\/p>\n<p><span style=\"font-weight: 400;\">Pysy ajan tasalla viimeisimmist\u00e4 levyjulkaisuista, tutustu syv\u00e4lle raskaan musiikin tarinoihin ja l\u00f6yd\u00e4 seuraava suosikkisi t\u00e4lt\u00e4 maaper\u00e4lt\u00e4. T\u00e4\u00e4ll\u00e4 musiikki el\u00e4\u00e4 ja hengitt\u00e4\u00e4 &#8211; ja me olemme valmiita viem\u00e4\u00e4n sinut mukanamme matkalle, joka her\u00e4tt\u00e4\u00e4 syd\u00e4mesi.<\/span><\/p>\n<p>Tervetuloa kyytiin raskaan musiikin rakastaja!<\/p>\n<p>[\/et_pb_text][\/et_pb_column][et_pb_column type=&#8221;1_2&#8243; _builder_version=&#8221;4.24.0&#8243; _module_preset=&#8221;default&#8221; global_colors_info=&#8221;{}&#8221;][et_pb_image src=&#8221;https:\/\/tiimilinna.fi\/wp-content\/uploads\/2024\/02\/DALL\u00b7E-2024-02-22-14.58.11-Create-an-image-inspired-by-the-phrase-_Ride-the-Lightning._-The-scene-should-capture-the-dynamic-and-powerful-essence-of-this-concept-possibly-featu.webp&#8221; title_text=&#8221;DALL\u00b7E 2024-02-22 14.58.11 &#8211; Create an image inspired by the phrase _Ride the Lightning._ The scene should capture the dynamic and powerful essence of this concept, possibly featu&#8221; _builder_version=&#8221;4.24.1&#8243; _module_preset=&#8221;default&#8221; global_colors_info=&#8221;{}&#8221;][\/et_pb_image][\/et_pb_column][\/et_pb_row][et_pb_row column_structure=&#8221;1_4,1_4,1_4,1_4&#8243; _builder_version=&#8221;4.24.0&#8243; _module_preset=&#8221;default&#8221; custom_padding=&#8221;23px|||||&#8221; global_colors_info=&#8221;{}&#8221;][et_pb_column type=&#8221;1_4&#8243; _builder_version=&#8221;4.24.0&#8243; _module_preset=&#8221;default&#8221; global_colors_info=&#8221;{}&#8221;][et_pb_blurb title=&#8221;Tulossa keikkoja&#8221; image=&#8221;https:\/\/tiimilinna.fi\/wp-content\/uploads\/2024\/02\/DALL\u00b7E-2024-02-22-15.03.58-Create-an-image-of-Stargazers.-This-scene-should-capture-a-group-of-individuals-or-figures-gathered-together-looking-up-at-the-night-sky-filled-wit.webp&#8221; _builder_version=&#8221;4.24.1&#8243; _module_preset=&#8221;default&#8221; global_colors_info=&#8221;{}&#8221;]<\/p>\n<p>Guns N\u00b4Roses, Tampere 7.7.2025\u00a0<\/p>\n<p>Qstock Oulu 25.-26.7.2025<\/p>\n<p>&nbsp;<\/p>\n<p>[\/et_pb_blurb][\/et_pb_column][et_pb_column type=&#8221;1_4&#8243; _builder_version=&#8221;4.24.0&#8243; _module_preset=&#8221;default&#8221; global_colors_info=&#8221;{}&#8221;][et_pb_blurb title=&#8221;Uusia albumeita&#8221; image=&#8221;https:\/\/tiimilinna.fi\/wp-content\/uploads\/2024\/02\/DALL\u00b7E-2024-02-22-15.02.24-Create-an-image-of-the-Sleeping-Sun.-This-concept-should-illustrate-a-serene-and-mystical-scene-where-the-sun-is-personified-as-a-sleeping-entity-p.webp&#8221; _builder_version=&#8221;4.24.1&#8243; _module_preset=&#8221;default&#8221; global_colors_info=&#8221;{}&#8221;]<\/p>\n<p>Avantasia Here be dragons<\/p>\n<p>Cradle of Fildth The screaming of the valkyries<\/p>\n<p>&nbsp;<\/p>\n<p>[\/et_pb_blurb][\/et_pb_column][et_pb_column type=&#8221;1_4&#8243; _builder_version=&#8221;4.24.0&#8243; _module_preset=&#8221;default&#8221; global_colors_info=&#8221;{}&#8221;][et_pb_blurb title=&#8221;Keikkakokemuksia&#8221; image=&#8221;https:\/\/tiimilinna.fi\/wp-content\/uploads\/2024\/02\/DALL\u00b7E-2024-02-22-14.59.40-Create-an-image-inspired-by-the-concept-of-being-Thunderstruck.-The-scene-should-visually-represent-the-sudden-and-powerful-impact-of-a-thunderbolt.webp&#8221; _builder_version=&#8221;4.24.1&#8243; _module_preset=&#8221;default&#8221; custom_padding=&#8221;||18px|||&#8221; global_colors_info=&#8221;{}&#8221;]<\/p>\n<p>Cradle of Fildth 16.2. 2024 Pakkahuone Tampere\u00a0<\/p>\n<p>Ville Valo 1.1.2024 Tavastia Helsinki<\/p>\n<p>[\/et_pb_blurb][\/et_pb_column][et_pb_column type=&#8221;1_4&#8243; _builder_version=&#8221;4.24.0&#8243; _module_preset=&#8221;default&#8221; global_colors_info=&#8221;{}&#8221;][et_pb_blurb title=&#8221;Linkkivinkit&#8221; image=&#8221;https:\/\/tiimilinna.fi\/wp-content\/uploads\/2024\/03\/djcasper.jpg&#8221; _builder_version=&#8221;4.24.1&#8243; _module_preset=&#8221;default&#8221; global_colors_info=&#8221;{}&#8221;]<\/p>\n<p><a href=\"https:\/\/www.meteli.net\/\" target=\"_blank\" rel=\"noopener\">Meteli.net keikat<\/a><\/p>\n<p>[\/et_pb_blurb][\/et_pb_column][\/et_pb_row][\/et_pb_section]<\/p>\n","protected":false},"excerpt":{"rendered":"<p>dJcasper\u00a0Tervetuloa r\u00e4j\u00e4ht\u00e4v\u00e4\u00e4n musiikin maailmaan! Olet saapunut paikkaan, jossa vahvistukset v\u00e4r\u00e4htelev\u00e4t ja riffit repiv\u00e4t. Olemme ylpeit\u00e4 esitell\u00e4 sinulle kuumimmat keikat, kovimmat levylanssaukset ja kiehtovimmat musiikkiuutiset raskaan musiikin yst\u00e4ville.\u00a0 Astuessasi sis\u00e4\u00e4n t\u00e4h\u00e4n \u00e4\u00e4nimyrskyyn, valmistaudu kohtaamaan legendaariset esiintyj\u00e4t, jotka ravistelevat lavan jokaisella nuotillaan. T\u00e4\u00e4ll\u00e4 annamme tilaa vain kaikkein kovimmille ja intohimoisimmille muusikoille. Pysy ajan tasalla viimeisimmist\u00e4 levyjulkaisuista, tutustu [&hellip;]<\/p>\n","protected":false},"author":1,"featured_media":0,"parent":0,"menu_order":0,"comment_status":"closed","ping_status":"closed","template":"","meta":{"_et_pb_use_builder":"on","_et_pb_old_content":"","_et_gb_content_width":"","footnotes":""},"class_list":["post-75","page","type-page","status-publish","hentry"],"_links":{"self":[{"href":"https:\/\/tiimilinna.fi\/index.php?rest_route=\/wp\/v2\/pages\/75","targetHints":{"allow":["GET"]}}],"collection":[{"href":"https:\/\/tiimilinna.fi\/index.php?rest_route=\/wp\/v2\/pages"}],"about":[{"href":"https:\/\/tiimilinna.fi\/index.php?rest_route=\/wp\/v2\/types\/page"}],"author":[{"embeddable":true,"href":"https:\/\/tiimilinna.fi\/index.php?rest_route=\/wp\/v2\/users\/1"}],"replies":[{"embeddable":true,"href":"https:\/\/tiimilinna.fi\/index.php?rest_route=%2Fwp%2Fv2%2Fcomments&post=75"}],"version-history":[{"count":19,"href":"https:\/\/tiimilinna.fi\/index.php?rest_route=\/wp\/v2\/pages\/75\/revisions"}],"predecessor-version":[{"id":328,"href":"https:\/\/tiimilinna.fi\/index.php?rest_route=\/wp\/v2\/pages\/75\/revisions\/328"}],"wp:attachment":[{"href":"https:\/\/tiimilinna.fi\/index.php?rest_route=%2Fwp%2Fv2%2Fmedia&parent=75"}],"curies":[{"name":"wp","href":"https:\/\/api.w.org\/{rel}","templated":true}]}}